{"id":32,"date":"2025-02-14T01:13:26","date_gmt":"2025-02-14T01:13:26","guid":{"rendered":"https:\/\/afineseuinstrumento.com\/?page_id=32"},"modified":"2025-03-17T23:02:31","modified_gmt":"2025-03-18T02:02:31","slug":"politica-de-cookies","status":"publish","type":"page","link":"https:\/\/afineseuinstrumento.com\/en\/politica-de-cookies\/","title":{"rendered":"Pol\u00edtica de Cookies"},"content":{"rendered":"<div data-elementor-type=\"wp-page\" data-elementor-id=\"32\" class=\"elementor elementor-32\">\n\t\t\t\t<div class=\"elementor-element elementor-element-cbb5389 e-flex e-con-boxed e-con e-parent\" data-id=\"cbb5389\" data-element_type=\"container\" data-e-type=\"container\">\n\t\t\t\t\t<div class=\"e-con-inner\">\n\t\t\t\t\t<\/div>\n\t\t\t\t<\/div>\n\t\t<div class=\"elementor-element elementor-element-bd94e11 e-flex e-con-boxed e-con e-parent\" data-id=\"bd94e11\" data-element_type=\"container\" data-e-type=\"container\">\n\t\t\t\t\t<div class=\"e-con-inner\">\n\t\t\t\t\t<\/div>\n\t\t\t\t<\/div>\n\t\t<div class=\"elementor-element elementor-element-7091eac9 e-flex e-con-boxed e-con e-parent\" data-id=\"7091eac9\" data-element_type=\"container\" data-e-type=\"container\">\n\t\t\t\t\t<div class=\"e-con-inner\">\n\t\t\t\t<div class=\"elementor-element elementor-element-21a58154 elementor-widget elementor-widget-text-editor\" data-id=\"21a58154\" data-element_type=\"widget\" data-e-type=\"widget\" data-widget_type=\"text-editor.default\">\n\t\t\t\t<div class=\"elementor-widget-container\">\n\t\t\t\t\t\t\t\t\t\n<p>Bem-vindo ao <a href=\"https:\/\/afineseuinstrumento.com\/en\/\">https:\/\/afineseuinstrumento.com<\/a>. Esta Pol\u00edtica de Cookies explica como utilizamos cookies e tecnologias semelhantes para reconhecer voc\u00ea quando visita nosso blog. Ela explica o que s\u00e3o cookies, como os usamos, os tipos que utilizamos, bem como suas escolhas em rela\u00e7\u00e3o a eles.<\/p>\n\n\n\n<h3 class=\"wp-block-heading\"><strong>1. O que s\u00e3o cookies?<\/strong><\/h3>\n\n\n\n<p>Cookies s\u00e3o pequenos arquivos de texto armazenados no seu dispositivo (computador, tablet ou smartphone) quando voc\u00ea acessa um site. Eles ajudam a melhorar sua experi\u00eancia ao lembrar prefer\u00eancias e fornecer informa\u00e7\u00f5es anal\u00edticas sobre o uso do site.<\/p>\n\n\n\n<h3 class=\"wp-block-heading\"><strong>2. Como usamos os cookies?<\/strong><\/h3>\n\n\n\n<p>N\u00f3s do blog&nbsp;<a href=\"https:\/\/afineseuinstrumento.com\/en\/\">https:\/\/afineseuinstrumento.com<\/a>. cookies para os seguintes prop\u00f3sitos:<\/p>\n\n\n\n<ul class=\"wp-block-list\">\n<li><strong>Cookies Essenciais:<\/strong> Garantem que o site funcione corretamente, permitindo navega\u00e7\u00e3o segura e acesso a recursos fundamentais.<\/li>\n\n\n\n<li><strong>Cookies de Desempenho:<\/strong> Coletam informa\u00e7\u00f5es sobre como os visitantes usam nosso site para melhorar sua experi\u00eancia.<\/li>\n\n\n\n<li><strong>Cookies de Funcionalidade:<\/strong> Lembram suas prefer\u00eancias e configura\u00e7\u00f5es para tornar sua navega\u00e7\u00e3o mais personalizada.<\/li>\n\n\n\n<li><strong>Cookies de Publicidade:<\/strong> Utilizados por parceiros para exibir an\u00fancios relevantes conforme seus interesses.<\/li>\n<\/ul>\n\n\n\n<h3 class=\"wp-block-heading\"><strong>3. Tipos de cookies que utilizamos:<\/strong><\/h3>\n\n\n\n<h3 class=\"wp-block-heading\">Cookies Prim\u00e1rios e de Terceiros:<\/h3>\n\n\n\n<ul class=\"wp-block-list\">\n<li><strong>Cookies Prim\u00e1rios:<\/strong> Definidos diretamente pelo nosso site.<\/li>\n\n\n\n<li><strong>Cookies de Terceiros:<\/strong> Definidos por servi\u00e7os externos que usamos, como an\u00e1lise de tr\u00e1fego ou publicidade.<\/li>\n<\/ul>\n\n\n\n<h3 class=\"wp-block-heading\">Cookies de Sess\u00e3o e Persistentes:<\/h3>\n\n\n\n<ul class=\"wp-block-list\">\n<li><strong>Cookies de Sess\u00e3o:<\/strong> Expiram ao fechar o navegador.<\/li>\n\n\n\n<li><strong>Cookies Persistentes:<\/strong> Permanecem no seu dispositivo por um per\u00edodo definido ou at\u00e9 serem exclu\u00eddos manualmente.<\/li>\n<\/ul>\n\n\n\n<h3 class=\"wp-block-heading\"><strong>4. Suas op\u00e7\u00f5es sobre cookies:<\/strong><\/h3>\n\n\n\n<p>Voc\u00ea pode controlar e\/ou excluir cookies conforme desejar. A maioria dos navegadores permite que voc\u00ea recuse ou exclua cookies por meio das configura\u00e7\u00f5es. No entanto, a desativa\u00e7\u00e3o de certos cookies pode impactar sua experi\u00eancia de navega\u00e7\u00e3o.<\/p>\n\n\n\n<h3 class=\"wp-block-heading\">Como desativar cookies nos navegadores mais comuns:<\/h3>\n\n\n\n<ul class=\"wp-block-list\">\n<li><strong>Google Chrome:<\/strong> V\u00e1 at\u00e9 &#8220;Configura\u00e7\u00f5es&#8221; > &#8220;Privacidade e seguran\u00e7a&#8221; > &#8220;Cookies e outros dados do site&#8221; e ajuste as permiss\u00f5es conforme desejar.<\/li>\n\n\n\n<li><strong>Mozilla Firefox:<\/strong> Acesse &#8220;Op\u00e7\u00f5es&#8221; > &#8220;Privacidade e Seguran\u00e7a&#8221; > &#8220;Cookies e Dados de Sites&#8221; para gerenciar suas prefer\u00eancias.<\/li>\n\n\n\n<li><strong>Microsoft Edge:<\/strong> V\u00e1 at\u00e9 &#8220;Configura\u00e7\u00f5es&#8221; > &#8220;Cookies e permiss\u00f5es do site&#8221; para modificar as op\u00e7\u00f5es de cookies.<\/li>\n\n\n\n<li><strong>Safari:<\/strong> Acesse &#8220;Prefer\u00eancias&#8221; > &#8220;Privacidade&#8221; e ajuste as configura\u00e7\u00f5es de cookies conforme necess\u00e1rio.<\/li>\n<\/ul>\n\n\n\n<p>Para mais informa\u00e7\u00f5es sobre como gerenciar cookies, consulte a se\u00e7\u00e3o de ajuda do seu navegador.<\/p>\n\n\n\n<h3 class=\"wp-block-heading\"><strong>5. Atualiza\u00e7\u00f5es desta pol\u00edtica:<\/strong><\/h3>\n\n\n\n<p>Podemos atualizar esta Pol\u00edtica de Cookies periodicamente para refletir mudan\u00e7as em nossas pr\u00e1ticas. Recomendamos que voc\u00ea revise esta p\u00e1gina regularmente.<\/p>\n\t\t\t\t\t\t\t\t<\/div>\n\t\t\t\t<\/div>\n\t\t\t\t\t<\/div>\n\t\t\t\t<\/div>\n\t\t\t\t<\/div>","protected":false},"excerpt":{"rendered":"<p>Bem-vindo ao https:\/\/afineseuinstrumento.com. Esta Pol\u00edtica de Cookies explica como utilizamos cookies e tecnologias semelhantes para reconhecer voc\u00ea quando visita nosso [&hellip;]<\/p>","protected":false},"author":1,"featured_media":0,"parent":0,"menu_order":0,"comment_status":"closed","ping_status":"closed","template":"","meta":{"saved_in_kubio":false,"pagelayer_contact_templates":[],"_pagelayer_content":"","site-sidebar-layout":"default","site-content-layout":"","ast-site-content-layout":"","site-content-style":"default","site-sidebar-style":"default","ast-global-header-display":"","ast-banner-title-visibility":"","ast-main-header-display":"","ast-hfb-above-header-display":"","ast-hfb-below-header-display":"","ast-hfb-mobile-header-display":"","site-post-title":"","ast-breadcrumbs-content":"","ast-featured-img":"","footer-sml-layout":"","theme-transparent-header-meta":"","adv-header-id-meta":"","stick-header-meta":"","header-above-stick-meta":"","header-main-stick-meta":"","header-below-stick-meta":"","astra-migrate-meta-layouts":"default","ast-page-background-enabled":"default","ast-page-background-meta":{"desktop":{"background-color":"var(--ast-global-color-5)","background-image":"","background-repeat":"repeat","background-position":"center center","background-size":"auto","background-attachment":"scroll","background-type":"","background-media":"","overlay-type":"","overlay-color":"","overlay-opacity":"","overlay-gradient":""},"tablet":{"background-color":"","background-image":"","background-repeat":"repeat","background-position":"center center","background-size":"auto","background-attachment":"scroll","background-type":"","background-media":"","overlay-type":"","overlay-color":"","overlay-opacity":"","overlay-gradient":""},"mobile":{"background-color":"","background-image":"","background-repeat":"repeat","background-position":"center center","background-size":"auto","background-attachment":"scroll","background-type":"","background-media":"","overlay-type":"","overlay-color":"","overlay-opacity":"","overlay-gradient":""}},"ast-content-background-meta":{"desktop":{"background-color":"var(--ast-global-color-4)","background-image":"","background-repeat":"repeat","background-position":"center center","background-size":"auto","background-attachment":"scroll","background-type":"","background-media":"","overlay-type":"","overlay-color":"","overlay-opacity":"","overlay-gradient":""},"tablet":{"background-color":"var(--ast-global-color-4)","background-image":"","background-repeat":"repeat","background-position":"center center","background-size":"auto","background-attachment":"scroll","background-type":"","background-media":"","overlay-type":"","overlay-color":"","overlay-opacity":"","overlay-gradient":""},"mobile":{"background-color":"var(--ast-global-color-4)","background-image":"","background-repeat":"repeat","background-position":"center center","background-size":"auto","background-attachment":"scroll","background-type":"","background-media":"","overlay-type":"","overlay-color":"","overlay-opacity":"","overlay-gradient":""}},"footnotes":""},"class_list":["post-32","page","type-page","status-publish","hentry"],"kubio_ai_page_context":{"short_desc":"","purpose":"general"},"jetpack_sharing_enabled":true,"_links":{"self":[{"href":"https:\/\/afineseuinstrumento.com\/en\/wp-json\/wp\/v2\/pages\/32","targetHints":{"allow":["GET"]}}],"collection":[{"href":"https:\/\/afineseuinstrumento.com\/en\/wp-json\/wp\/v2\/pages"}],"about":[{"href":"https:\/\/afineseuinstrumento.com\/en\/wp-json\/wp\/v2\/types\/page"}],"author":[{"embeddable":true,"href":"https:\/\/afineseuinstrumento.com\/en\/wp-json\/wp\/v2\/users\/1"}],"replies":[{"embeddable":true,"href":"https:\/\/afineseuinstrumento.com\/en\/wp-json\/wp\/v2\/comments?post=32"}],"version-history":[{"count":4,"href":"https:\/\/afineseuinstrumento.com\/en\/wp-json\/wp\/v2\/pages\/32\/revisions"}],"predecessor-version":[{"id":540,"href":"https:\/\/afineseuinstrumento.com\/en\/wp-json\/wp\/v2\/pages\/32\/revisions\/540"}],"wp:attachment":[{"href":"https:\/\/afineseuinstrumento.com\/en\/wp-json\/wp\/v2\/media?parent=32"}],"curies":[{"name":"wp","href":"https:\/\/api.w.org\/{rel}","templated":true}]}}